{"id":294,"date":"2025-03-03T09:45:37","date_gmt":"2025-03-03T09:45:37","guid":{"rendered":"https:\/\/geomedmaria.no\/?post_type=product&#038;p=294"},"modified":"2026-02-21T16:31:04","modified_gmt":"2026-02-21T16:31:04","slug":"geografivar26","status":"publish","type":"product","link":"https:\/\/geomedmaria.no\/index.php\/produkt\/geografivar26\/","title":{"rendered":"Kr\u00e6sjkurs i geografi h\u00f8st 2025 4.-5. april"},"content":{"rendered":"<p><strong>Online Kr\u00e6sjkurs i geografi \u2013 Forberedelse til Privatisteksamen v\u00e5r 2026<\/strong><\/p>\n<p>Hei, og velkommen til Online Kr\u00e6sjkurs i geografi! Kurset g\u00e5r fra <strong>4<\/strong><b>.-5.\u00a0<\/b><b>april <\/b>kl.\u00a0<strong>12:00\u201317:00<\/strong> begge dager, og vi skal g\u00e5 gjennom hele pensum i geografi, tilpasset privatisteksamen.<\/p>\n<p>Gjennom kurset vil vi dekke alle viktige temaer som du trenger \u00e5 vite for \u00e5 kunne gj\u00f8re ditt beste p\u00e5 eksamen. Dette er et intensivt kurs, s\u00e5 forebered deg p\u00e5 mye info p\u00e5 kort tid.<\/p>\n<p>OBS! Kurset er p\u00e5 Microsoft Teams. Dere m\u00e5 ha en teamsbruker for \u00e5 f\u00e5 tilgang.<\/p>\n<p><strong>Viktig informasjon f\u00f8r kursstart:<\/strong><\/p>\n<ul>\n<li>Vennligst\u00a0<strong>logg deg p\u00e5 kl. 11:45 den f\u00f8rste dagen<\/strong> (4. april), slik at vi har tid til \u00e5 l\u00f8se eventuelle tekniske problemer med lenker eller p\u00e5logging f\u00f8r kurset starter.<\/li>\n<li>Har du sp\u00f8rsm\u00e5l eller trenger hjelp med p\u00e5logging f\u00f8r kursstart, er det bare \u00e5 kontakte meg!<\/li>\n<\/ul>\n<p>Kurset er laget for at du skal f\u00e5 maksimal utbytte p\u00e5 kort tid, og jeg er her for \u00e5 hjelpe deg med \u00e5 forberede deg best mulig til privatisteksamen i geografi.<\/p>\n<p>Kurslenke og elevmappe skal bli sendt til deg i bekreftelsesmailen. Hvis du ikke har f\u00e5tt lenke, venligst send meg en mail p\u00e5 woldmaria@outlook.com<\/p>\n","protected":false},"excerpt":{"rendered":"<p>Online Kr\u00e6sjkurs i geografi \u2013 Forberedelse til Privatisteksamen v\u00e5r 2026 Hei, og velkommen til Online Kr\u00e6sjkurs i geografi! Kurset g\u00e5r fra 4.-5.\u00a0april kl.\u00a012:00\u201317:00 begge dager, og vi skal g\u00e5 gjennom [&hellip;]<\/p>\n","protected":false},"featured_media":483,"comment_status":"open","ping_status":"closed","template":"","meta":{"_price":"900","_stock":"","_tribe_ticket_header":"","_tribe_default_ticket_provider":"","_tribe_ticket_capacity":"0","_ticket_start_date":"","_ticket_end_date":"","_tribe_ticket_show_description":"","_tribe_ticket_show_not_going":false,"_tribe_ticket_use_global_stock":"","_tribe_ticket_global_stock_level":"","_global_stock_mode":"","_global_stock_cap":"","_tribe_rsvp_for_event":"","_tribe_ticket_going_count":"","_tribe_ticket_not_going_count":"","_tribe_tickets_list":"[]","_tribe_ticket_has_attendee_info_fields":false,"_EventAllDay":false,"_EventTimezone":"","_EventStartDate":"","_EventEndDate":"","_EventStartDateUTC":"","_EventEndDateUTC":"","_EventShowMap":false,"_EventShowMapLink":false,"_EventURL":"","_EventCost":"","_EventCostDescription":"","_EventCurrencySymbol":"","_EventCurrencyCode":"","_EventCurrencyPosition":"","_EventDateTimeSeparator":"","_EventTimeRangeSeparator":"","_EventOrganizerID":[],"_EventVenueID":[],"_OrganizerEmail":"","_OrganizerPhone":"","_OrganizerWebsite":"","_VenueAddress":"","_VenueCity":"","_VenueCountry":"","_VenueProvince":"","_VenueState":"","_VenueZip":"","_VenuePhone":"","_VenueURL":"","_VenueStateProvince":"","_VenueLat":"","_VenueLng":"","_VenueShowMap":false,"_VenueShowMapLink":false},"product_brand":[],"product_cat":[18],"product_tag":[26,30,29,31,25,24,27],"class_list":{"0":"post-294","1":"product","2":"type-product","3":"status-publish","4":"has-post-thumbnail","6":"product_cat-kraesjkurs-i-geo","7":"product_tag-eksamen","8":"product_tag-geografi-vg1","9":"product_tag-geografi-vgs","10":"product_tag-geografieksamen","11":"product_tag-intensivkurs","12":"product_tag-kraesjkurs","13":"product_tag-privatisteksamen","15":"first","16":"instock","17":"virtual","18":"purchasable","19":"product-type-simple"},"jetpack_sharing_enabled":true,"_links":{"self":[{"href":"https:\/\/geomedmaria.no\/index.php\/wp-json\/wp\/v2\/product\/294","targetHints":{"allow":["GET"]}}],"collection":[{"href":"https:\/\/geomedmaria.no\/index.php\/wp-json\/wp\/v2\/product"}],"about":[{"href":"https:\/\/geomedmaria.no\/index.php\/wp-json\/wp\/v2\/types\/product"}],"replies":[{"embeddable":true,"href":"https:\/\/geomedmaria.no\/index.php\/wp-json\/wp\/v2\/comments?post=294"}],"wp:featuredmedia":[{"embeddable":true,"href":"https:\/\/geomedmaria.no\/index.php\/wp-json\/wp\/v2\/media\/483"}],"wp:attachment":[{"href":"https:\/\/geomedmaria.no\/index.php\/wp-json\/wp\/v2\/media?parent=294"}],"wp:term":[{"taxonomy":"product_brand","embeddable":true,"href":"https:\/\/geomedmaria.no\/index.php\/wp-json\/wp\/v2\/product_brand?post=294"},{"taxonomy":"product_cat","embeddable":true,"href":"https:\/\/geomedmaria.no\/index.php\/wp-json\/wp\/v2\/product_cat?post=294"},{"taxonomy":"product_tag","embeddable":true,"href":"https:\/\/geomedmaria.no\/index.php\/wp-json\/wp\/v2\/product_tag?post=294"}],"curies":[{"name":"wp","href":"https:\/\/api.w.org\/{rel}","templated":true}]}}