{"id":17,"date":"2024-10-21T14:48:45","date_gmt":"2024-10-21T14:48:45","guid":{"rendered":"https:\/\/geomedmaria.no\/?page_id=17"},"modified":"2025-03-24T04:41:51","modified_gmt":"2025-03-24T04:41:51","slug":"tjenester","status":"publish","type":"page","link":"https:\/\/geomedmaria.no\/index.php\/tjenester\/","title":{"rendered":"Privattimer"},"content":{"rendered":"\n<div class=\"wp-block-cover alignfull is-light\" style=\"margin-top:0;margin-bottom:0;padding-top:0;padding-bottom:0;min-height:450px;aspect-ratio:unset;\"><span aria-hidden=\"true\" class=\"wp-block-cover__background has-black-background-color has-background-dim-10 has-background-dim\"><\/span><img decoding=\"async\" class=\"wp-block-cover__image-background wp-image-2247\" alt=\"\" src=\"https:\/\/tyler.com\/wp-content\/uploads\/2023\/11\/love-nature-picture5.jpg\" style=\"object-position:50% 51%\" data-object-fit=\"cover\" data-object-position=\"50% 51%\"\/><div class=\"wp-block-cover__inner-container has-global-padding is-layout-constrained wp-container-core-cover-is-layout-6e7f18e7 wp-block-cover-is-layout-constrained\">\n<h1 class=\"wp-block-heading has-text-align-center has-text-color\" style=\"color:#ffffff;font-size:clamp(40.387px, 2.524rem + ((1vw - 3.2px) * 4.047), 76px);\">Privatimer og pr\u00f8veeksamen<\/h1>\n<\/div><\/div>\n\n\n\n<div class=\"wp-block-columns alignwide is-layout-flex wp-container-core-columns-is-layout-ca23dd7b wp-block-columns-is-layout-flex\" style=\"margin-top:100px;margin-bottom:70px\">\n<div class=\"wp-block-column is-layout-flow wp-block-column-is-layout-flow\"><\/div>\n\n\n\n<div class=\"wp-block-column is-layout-flow wp-block-column-is-layout-flow\"><\/div>\n<\/div>\n\n\n\n<div class=\"wp-block-columns alignwide is-layout-flex wp-container-core-columns-is-layout-60dabb8b wp-block-columns-is-layout-flex\" style=\"margin-top:0px;margin-bottom:70px\">\n<div class=\"wp-block-column is-layout-flow wp-block-column-is-layout-flow\" style=\"padding-top:0px;padding-right:0px;padding-bottom:0px;padding-left:0px\">\n<figure class=\"wp-block-image aligncenter size-full\"><img decoding=\"async\" src=\"https:\/\/tyler.com\/wp-content\/uploads\/2023\/11\/love-nature-picture7.jpg\" alt=\"\" class=\"wp-image-2249\"\/><\/figure>\n<\/div>\n\n\n\n<div class=\"wp-block-column is-vertically-aligned-center is-layout-flow wp-container-core-column-is-layout-3ca914a4 wp-block-column-is-layout-flow\" style=\"flex-basis:56%\">\n<h4 class=\"wp-block-heading has-text-color has-inter-font-family\" style=\"color:#536942;font-size:clamp(21.027px, 1.314rem + ((1vw - 3.2px) * 1.474), 34px);font-style:normal;font-weight:400;letter-spacing:-1px\">Privattimer og pr\u00f8veeksamen<\/h4>\n\n\n\n<p class=\"has-text-color\" style=\"color:#839376;padding-right:120px;font-size:clamp(14px, 0.875rem + ((1vw - 3.2px) * 0.114), 15px);\">Jeg tilbyr b\u00e5de privattimer 1-1 online eller pr\u00f8veeksamener slik at du kan teste deg og f\u00e5 tilbakemelding f\u00f8r eksamen. Book time i kalender og s\u00e5 f\u00e5r dere en teamslenke til m\u00f8te sendt p\u00e5 mail.<\/p>\n\n\n\n<h3 class=\"wp-block-heading has-text-color\" style=\"color:#536942;font-size:clamp(15.197px, 0.95rem + ((1vw - 3.2px) * 0.887), 23px);font-style:normal;font-weight:400\">500 kr\/time<\/h3>\n\n\n\n<div class=\"wp-block-buttons is-layout-flex wp-block-buttons-is-layout-flex\">\n<div class=\"wp-block-button has-custom-font-size is-style-outline is-style-outline--1\" style=\"font-size:14px\"><a class=\"wp-block-button__link has-text-color has-background has-border-color wp-element-button\" href=\"https:\/\/geomedmaria.no\/index.php\/book-privattime\/\" style=\"border-color:#839376;border-width:1px;color:#536942;background-color:#ffffff;padding-top:11px;padding-right:30px;padding-bottom:11px;padding-left:30px\">Book n\u00e5!<\/a><\/div>\n<\/div>\n\n\n\n<p><a href=\"https:\/\/geomedmaria.no\/index.php\/vilkar-for-kjop\/\" data-type=\"page\" data-id=\"146\"><em>Vilk\u00e5r for kj\u00f8p<\/em><\/a><\/p>\n<\/div>\n<\/div>\n\n\n\n<p><\/p>\n\n\n\n<p><\/p>\n\n\n\n<p><\/p>\n","protected":false},"excerpt":{"rendered":"<p>Privattimer og pr\u00f8veeksamen Jeg tilbyr b\u00e5de privattimer 1-1 online eller pr\u00f8veeksamener slik at du kan teste deg og f\u00e5 tilbakemelding f\u00f8r eksamen. Book time i kalender og s\u00e5 f\u00e5r dere [&hellip;]<\/p>\n","protected":false},"author":1,"featured_media":0,"parent":0,"menu_order":0,"comment_status":"closed","ping_status":"closed","template":"","meta":{"_price":"","_stock":"","_tribe_ticket_header":"","_tribe_default_ticket_provider":"","_tribe_ticket_capacity":"0","_ticket_start_date":"","_ticket_end_date":"","_tribe_ticket_show_description":"","_tribe_ticket_show_not_going":false,"_tribe_ticket_use_global_stock":"","_tribe_ticket_global_stock_level":"","_global_stock_mode":"","_global_stock_cap":"","_tribe_rsvp_for_event":"","_tribe_ticket_going_count":"","_tribe_ticket_not_going_count":"","_tribe_tickets_list":"[]","_tribe_ticket_has_attendee_info_fields":false,"_EventAllDay":false,"_EventTimezone":"","_EventStartDate":"","_EventEndDate":"","_EventStartDateUTC":"","_EventEndDateUTC":"","_EventShowMap":false,"_EventShowMapLink":false,"_EventURL":"","_EventCost":"","_EventCostDescription":"","_EventCurrencySymbol":"","_EventCurrencyCode":"","_EventCurrencyPosition":"","_EventDateTimeSeparator":"","_EventTimeRangeSeparator":"","_EventOrganizerID":[],"_EventVenueID":[],"_OrganizerEmail":"","_OrganizerPhone":"","_OrganizerWebsite":"","_VenueAddress":"","_VenueCity":"","_VenueCountry":"","_VenueProvince":"","_VenueState":"","_VenueZip":"","_VenuePhone":"","_VenueURL":"","_VenueStateProvince":"","_VenueLat":"","_VenueLng":"","_VenueShowMap":false,"_VenueShowMapLink":false,"footnotes":"","_tec_slr_enabled":"","_tec_slr_layout":""},"class_list":["post-17","page","type-page","status-publish","hentry"],"jetpack_sharing_enabled":true,"ticketed":false,"_links":{"self":[{"href":"https:\/\/geomedmaria.no\/index.php\/wp-json\/wp\/v2\/pages\/17","targetHints":{"allow":["GET"]}}],"collection":[{"href":"https:\/\/geomedmaria.no\/index.php\/wp-json\/wp\/v2\/pages"}],"about":[{"href":"https:\/\/geomedmaria.no\/index.php\/wp-json\/wp\/v2\/types\/page"}],"author":[{"embeddable":true,"href":"https:\/\/geomedmaria.no\/index.php\/wp-json\/wp\/v2\/users\/1"}],"replies":[{"embeddable":true,"href":"https:\/\/geomedmaria.no\/index.php\/wp-json\/wp\/v2\/comments?post=17"}],"version-history":[{"count":15,"href":"https:\/\/geomedmaria.no\/index.php\/wp-json\/wp\/v2\/pages\/17\/revisions"}],"predecessor-version":[{"id":301,"href":"https:\/\/geomedmaria.no\/index.php\/wp-json\/wp\/v2\/pages\/17\/revisions\/301"}],"wp:attachment":[{"href":"https:\/\/geomedmaria.no\/index.php\/wp-json\/wp\/v2\/media?parent=17"}],"curies":[{"name":"wp","href":"https:\/\/api.w.org\/{rel}","templated":true}]}}