{"id":146,"date":"2024-10-24T11:19:08","date_gmt":"2024-10-24T11:19:08","guid":{"rendered":"https:\/\/geomedmaria.no\/?page_id=146"},"modified":"2024-11-07T11:27:30","modified_gmt":"2024-11-07T11:27:30","slug":"vilkar-for-kjop","status":"publish","type":"page","link":"https:\/\/geomedmaria.no\/index.php\/vilkar-for-kjop\/","title":{"rendered":"Vilk\u00e5r for kj\u00f8p"},"content":{"rendered":"\n<div class=\"wp-block-cover alignfull is-light\" style=\"margin-top:0;margin-bottom:0;padding-top:60px;padding-bottom:70px\"><span aria-hidden=\"true\" class=\"wp-block-cover__background has-background-dim-100 has-background-dim\" style=\"background-color:#f6f8f5\"><\/span><div class=\"wp-block-cover__inner-container has-global-padding is-layout-constrained wp-container-core-cover-is-layout-b6dde979 wp-block-cover-is-layout-constrained\">\n<div class=\"wp-block-columns is-layout-flex wp-container-core-columns-is-layout-df0ecb7a wp-block-columns-is-layout-flex\" style=\"margin-top:0px;margin-bottom:0px;padding-top:0px;padding-right:0px;padding-bottom:0px;padding-left:0px\">\n<div class=\"wp-block-column is-layout-flow wp-block-column-is-layout-flow\">\n<p class=\"has-text-align-center\"><\/p>\n\n\n\n<div class=\"wp-block-cover alignfull is-light\" style=\"margin-top:0;margin-bottom:0;padding-top:0;padding-bottom:0;min-height:450px;aspect-ratio:unset;\"><span aria-hidden=\"true\" class=\"wp-block-cover__background has-black-background-color has-background-dim-10 has-background-dim\"><\/span><img decoding=\"async\" class=\"wp-block-cover__image-background wp-image-2247\" alt=\"\" src=\"https:\/\/tyler.com\/wp-content\/uploads\/2023\/11\/love-nature-picture5.jpg\" style=\"object-position:50% 51%\" data-object-fit=\"cover\" data-object-position=\"50% 51%\"\/><div class=\"wp-block-cover__inner-container has-global-padding is-layout-constrained wp-container-core-cover-is-layout-6e7f18e7 wp-block-cover-is-layout-constrained\">\n<h1 class=\"wp-block-heading has-text-align-center has-text-color\" style=\"color:#ffffff;font-size:clamp(40.387px, 2.524rem + ((1vw - 3.2px) * 4.047), 76px);\">Privattimer og kurs vilk\u00e5r<\/h1>\n<\/div><\/div>\n\n\n\n<p class=\"has-text-align-center\"><\/p>\n\n\n\n<p class=\"has-text-align-center\"><\/p>\n\n\n\n<p class=\"has-text-color\" style=\"color:#839376;padding-bottom:30px;font-size:clamp(14px, 0.875rem + ((1vw - 3.2px) * 0.455), 18px);line-height:1.7\"><strong>Privattimer og pr\u00f8vekeksamen:<\/strong><\/p>\n\n\n\n<p class=\"has-text-color\" style=\"color:#839376;padding-bottom:30px;font-size:clamp(14px, 0.875rem + ((1vw - 3.2px) * 0.455), 18px);line-height:1.7\">24 timers avbestillingsfrist med pengene tilbake. Under 24 timer til timen er det ingen refusjon. Endring av tidspunkt for timer kan gj\u00f8res innen 24 timer f\u00f8r timen. Dette gj\u00f8res bookingkalendere booket timer i. <\/p>\n\n\n\n<p class=\"has-text-color\" style=\"color:#839376;padding-bottom:30px;font-size:clamp(14px, 0.875rem + ((1vw - 3.2px) * 0.455), 18px);line-height:1.7\">E-poster med avbestilling er ikke gyldig mot refusjon. Timer kan kun bookes i 12 timer f\u00f8r timestart.  <\/p>\n\n\n\n<p class=\"has-text-color\" style=\"color:#839376;font-size:clamp(14px, 0.875rem + ((1vw - 3.2px) * 0.455), 18px);line-height:1.7\"><strong>Kurs: <\/strong><\/p>\n\n\n\n<p class=\"has-text-color\" style=\"color:#839376;font-size:clamp(14px, 0.875rem + ((1vw - 3.2px) * 0.455), 18px);line-height:1.7\">Betalte intentivkurs kan ikke avbestilles. Men det er ubegrenset med plasser som kan kj\u00f8pes fram til kurset kl 16.45 kl.25 november. S\u00e5 hvis du er i tvil om du har anledning, kan du vente med \u00e5 bestille til oppstartsdagen. <\/p>\n<\/div>\n\n\n\n<div class=\"wp-block-column is-vertically-aligned-bottom is-layout-flow wp-block-column-is-layout-flow\" style=\"flex-basis:40%\">\n<div class=\"wp-block-columns is-layout-flex wp-container-core-columns-is-layout-9c22b1e3 wp-block-columns-is-layout-flex\">\n<div class=\"wp-block-column is-layout-flow wp-block-column-is-layout-flow\">\n<div class=\"wp-block-group is-vertical is-content-justification-center is-layout-flex wp-container-core-group-is-layout-feccf9d1 wp-block-group-is-layout-flex\" style=\"margin-bottom:60px\">\n<p class=\"has-text-color\" style=\"color:#536942;font-size:13px;font-style:normal;font-weight:400\"><\/p>\n<\/div>\n\n\n\n<div class=\"wp-block-group is-vertical is-content-justification-center is-layout-flex wp-container-core-group-is-layout-0a9e916c wp-block-group-is-layout-flex\">\n<p class=\"has-text-color has-dm-sans-font-family\" style=\"color:#536942;font-size:13px;font-style:normal;font-weight:400\"><\/p>\n<\/div>\n<\/div>\n\n\n\n<div class=\"wp-block-column is-layout-flow wp-block-column-is-layout-flow\">\n<div class=\"wp-block-group is-vertical is-content-justification-center is-layout-flex wp-container-core-group-is-layout-feccf9d1 wp-block-group-is-layout-flex\" style=\"margin-bottom:60px\">\n<p class=\"has-text-color\" style=\"color:#536942;font-size:13px;font-style:normal;font-weight:400\"><\/p>\n<\/div>\n\n\n\n<div class=\"wp-block-group is-vertical is-content-justification-center is-layout-flex wp-container-core-group-is-layout-0a9e916c wp-block-group-is-layout-flex\">\n<p class=\"has-text-color has-dm-sans-font-family\" style=\"color:#536942;font-size:13px;font-style:normal;font-weight:400\"><\/p>\n<\/div>\n<\/div>\n<\/div>\n<\/div>\n<\/div>\n<\/div><\/div>\n","protected":false},"excerpt":{"rendered":"","protected":false},"author":1,"featured_media":0,"parent":0,"menu_order":0,"comment_status":"closed","ping_status":"closed","template":"","meta":{"_price":"","_stock":"","_tribe_ticket_header":"","_tribe_default_ticket_provider":"","_tribe_ticket_capacity":"0","_ticket_start_date":"","_ticket_end_date":"","_tribe_ticket_show_description":"","_tribe_ticket_show_not_going":false,"_tribe_ticket_use_global_stock":"","_tribe_ticket_global_stock_level":"","_global_stock_mode":"","_global_stock_cap":"","_tribe_rsvp_for_event":"","_tribe_ticket_going_count":"","_tribe_ticket_not_going_count":"","_tribe_tickets_list":"[]","_tribe_ticket_has_attendee_info_fields":false,"_EventAllDay":false,"_EventTimezone":"","_EventStartDate":"","_EventEndDate":"","_EventStartDateUTC":"","_EventEndDateUTC":"","_EventShowMap":false,"_EventShowMapLink":false,"_EventURL":"","_EventCost":"","_EventCostDescription":"","_EventCurrencySymbol":"","_EventCurrencyCode":"","_EventCurrencyPosition":"","_EventDateTimeSeparator":"","_EventTimeRangeSeparator":"","_EventOrganizerID":[],"_EventVenueID":[],"_OrganizerEmail":"","_OrganizerPhone":"","_OrganizerWebsite":"","_VenueAddress":"","_VenueCity":"","_VenueCountry":"","_VenueProvince":"","_VenueState":"","_VenueZip":"","_VenuePhone":"","_VenueURL":"","_VenueStateProvince":"","_VenueLat":"","_VenueLng":"","_VenueShowMap":false,"_VenueShowMapLink":false,"footnotes":"","_tec_slr_enabled":"","_tec_slr_layout":""},"class_list":["post-146","page","type-page","status-publish","hentry"],"jetpack_sharing_enabled":true,"ticketed":false,"_links":{"self":[{"href":"https:\/\/geomedmaria.no\/index.php\/wp-json\/wp\/v2\/pages\/146","targetHints":{"allow":["GET"]}}],"collection":[{"href":"https:\/\/geomedmaria.no\/index.php\/wp-json\/wp\/v2\/pages"}],"about":[{"href":"https:\/\/geomedmaria.no\/index.php\/wp-json\/wp\/v2\/types\/page"}],"author":[{"embeddable":true,"href":"https:\/\/geomedmaria.no\/index.php\/wp-json\/wp\/v2\/users\/1"}],"replies":[{"embeddable":true,"href":"https:\/\/geomedmaria.no\/index.php\/wp-json\/wp\/v2\/comments?post=146"}],"version-history":[{"count":7,"href":"https:\/\/geomedmaria.no\/index.php\/wp-json\/wp\/v2\/pages\/146\/revisions"}],"predecessor-version":[{"id":220,"href":"https:\/\/geomedmaria.no\/index.php\/wp-json\/wp\/v2\/pages\/146\/revisions\/220"}],"wp:attachment":[{"href":"https:\/\/geomedmaria.no\/index.php\/wp-json\/wp\/v2\/media?parent=146"}],"curies":[{"name":"wp","href":"https:\/\/api.w.org\/{rel}","templated":true}]}}